{"id":15876,"date":"2025-03-06T18:36:53","date_gmt":"2025-03-06T18:36:53","guid":{"rendered":"https:\/\/sauleskomponentai.lt\/?post_type=product&#038;p=15876"},"modified":"2025-03-06T19:57:58","modified_gmt":"2025-03-06T19:57:58","slug":"saules-modulis-430w-trina-vertex-s-tsm-neg9rc-27","status":"publish","type":"product","link":"https:\/\/sauleskomponentai.lt\/index.php\/produktas\/saules-modulis-430w-trina-vertex-s-tsm-neg9rc-27\/","title":{"rendered":"Saul\u0117s modulis 430W Trina Vertex S+ TSM-430NEG9RC.27"},"content":{"rendered":"<p><strong>Saul\u0117s modulio<\/strong> <strong>430W<\/strong> Trina Vertex S+ TSM-430NEG9RC.27 <b>techniniai parametrai<\/b><\/p>\n<ul>\n<li>maksimali galia: 430W;<\/li>\n<li>priekinis \/ galinis stiklas: priekinis 1.6 mm storio, auk\u0161to pralaidumo, \u0161iluma sustiprintas stiklas; galinis 1.6 mm storio, auk\u0161to pralaidumo, nuo atspind\u017ei\u0173 apsaugotas, termi\u0161kai sustiprintas stiklas;<\/li>\n<li>celi\u0173 skai\u010dius: 144;<\/li>\n<li><b>efektyvumas: 21,50%<\/b>;<\/li>\n<li>did\u017eiausia sistemos \u012ftampa: DC 1500V;<\/li>\n<li>darbin\u0117s temperat\u016bros: -40 \u2013 +85 \u2070C;<\/li>\n<li>apsaugos klas\u0117: IP 68;<\/li>\n<li>modulio matmenys: 1762 x 1134 x 30 mm;<\/li>\n<li>svoris: 21 kg;<\/li>\n<li>anoduoto aliuminio lydinio r\u0117mas, juodas.<\/li>\n<\/ul>\n<p><a href=\"https:\/\/static.trinasolar.com\/sites\/default\/files\/DT-M-0069_C_Datasheet_VertexS+_NEG9RC.27_EN_2023_C_web.pdf\">430W Trina Vertex S+ TSM-NEG9RC.27<\/a><\/p>\n","protected":false},"excerpt":{"rendered":"<div class=\"flex max-w-full flex-col flex-grow\">\n<div class=\"min-h-8 text-message relative flex w-full flex-col items-end gap-2 whitespace-normal break-words text-start [.text-message+&amp;]:mt-5\" dir=\"auto\" data-message-author-role=\"assistant\" data-message-id=\"af36b5bf-ae5e-4015-86cb-97c1ee6f63fc\" data-message-model-slug=\"gpt-4o\">\n<div class=\"flex w-full flex-col gap-1 empty:hidden first:pt-[3px]\">\n<div class=\"markdown prose w-full break-words dark:prose-invert light\">\n<div class=\"flex max-w-full flex-col flex-grow\">\n<div class=\"min-h-8 text-message relative flex w-full flex-col items-end gap-2 whitespace-normal break-words text-start [.text-message+&amp;]:mt-5\" dir=\"auto\" data-message-author-role=\"assistant\" data-message-id=\"d0421a77-da1f-4125-93f0-955c6e133961\" data-message-model-slug=\"gpt-4o\">\n<div class=\"flex w-full flex-col gap-1 empty:hidden first:pt-[3px]\">\n<div class=\"markdown prose w-full break-words dark:prose-invert light\">\n<div class=\"flex max-w-full flex-col flex-grow\">\n<div class=\"min-h-8 text-message relative flex w-full flex-col items-end gap-2 whitespace-normal break-words text-start [.text-message+&amp;]:mt-5\" dir=\"auto\" data-message-author-role=\"assistant\" data-message-id=\"8ab3c00d-4111-4069-a6da-d9355d2e73d7\" data-message-model-slug=\"gpt-4o\">\n<div class=\"flex w-full flex-col gap-1 empty:hidden first:pt-[3px]\">\n<div class=\"markdown prose w-full break-words dark:prose-invert light\">\n<div class=\"flex max-w-full flex-col flex-grow\">\n<div class=\"min-h-8 text-message relative flex w-full flex-col items-end gap-2 whitespace-normal break-words text-start [.text-message+&amp;]:mt-5\" dir=\"auto\" data-message-author-role=\"assistant\" data-message-id=\"13b8c4b9-366d-46a0-8f59-18ee0e60d21f\" data-message-model-slug=\"gpt-4o\">\n<div class=\"flex w-full flex-col gap-1 empty:hidden first:pt-[3px]\">\n<div class=\"markdown prose w-full break-words dark:prose-invert light\">\n<div class=\"flex max-w-full flex-col flex-grow\">\n<div class=\"min-h-8 text-message relative flex w-full flex-col items-end gap-2 whitespace-normal break-words text-start [.text-message+&amp;]:mt-5\" dir=\"auto\" data-message-author-role=\"assistant\" data-message-id=\"7e6c21db-d7e3-4693-ae57-1dd387db7d28\" data-message-model-slug=\"gpt-4o\">\n<div class=\"flex w-full flex-col gap-1 empty:hidden first:pt-[3px]\">\n<div class=\"markdown prose w-full break-words dark:prose-invert dark\">\n<p data-start=\"0\" data-end=\"660\" data-is-last-node=\"\" data-is-only-node=\"\">Saul\u0117s modulis <strong data-start=\"15\" data-end=\"53\">Trina Vertex S+ TSM-430NEG9RC.27 430W<\/strong> \u2013 tai auk\u0161tos kokyb\u0117s, <strong data-start=\"77\" data-end=\"86\">430 W<\/strong> galios bifacialinis dvigubo stiklo saul\u0117s energijos modulis, sukurtas naudojant <strong data-start=\"167\" data-end=\"198\">monokristalin\u0119 technologij\u0105<\/strong>, kuri u\u017etikrina didesn\u012f efektyvum\u0105, ma\u017eesn\u0119 degradacij\u0105 ir ilgaam\u017ei\u0161kum\u0105. Modulis pasi\u017eymi <strong data-start=\"290\" data-end=\"326\">skaidraus dvigubo stiklo dizainu<\/strong>, tod\u0117l yra itin atsparus aplinkos poveikiui ir tinka tiek gyvenamosioms, tiek komercin\u0117ms saul\u0117s elektrin\u0117ms. D\u0117l <strong data-start=\"441\" data-end=\"463\">ma\u017eos degradacijos<\/strong> (1 % pirmaisiais metais ir tik 0,4 % kasmet) bei didelio mechaninio atsparumo, jis i\u0161laiko stabil\u0173 na\u0161um\u0105 net sud\u0117tingomis s\u0105lygomis, u\u017etikrindamas efektyvi\u0105 elektros energijos gamyb\u0105 ilgus metus.<\/p>\n<\/div>\n<\/div>\n<\/div>\n<\/div>\n<\/div>\n<\/div>\n<\/div>\n<\/div>\n<\/div>\n<\/div>\n<\/div>\n<\/div>\n<\/div>\n<\/div>\n<\/div>\n<\/div>\n<\/div>\n<\/div>\n<\/div>\n<\/div>\n","protected":false},"featured_media":15877,"template":"","meta":[],"product_brand":[],"product_cat":[71],"product_tag":[76,75,81],"class_list":{"0":"post-15876","1":"product","2":"type-product","3":"status-publish","4":"has-post-thumbnail","6":"product_cat-saules-moduliai","7":"product_tag-saules-elektrines","8":"product_tag-saules-moduliai","9":"product_tag-trina-vertex","11":"first","12":"instock","13":"shipping-taxable","14":"purchasable","15":"product-type-simple"},"_links":{"self":[{"href":"https:\/\/sauleskomponentai.lt\/index.php\/wp-json\/wp\/v2\/product\/15876","targetHints":{"allow":["GET"]}}],"collection":[{"href":"https:\/\/sauleskomponentai.lt\/index.php\/wp-json\/wp\/v2\/product"}],"about":[{"href":"https:\/\/sauleskomponentai.lt\/index.php\/wp-json\/wp\/v2\/types\/product"}],"version-history":[{"count":3,"href":"https:\/\/sauleskomponentai.lt\/index.php\/wp-json\/wp\/v2\/product\/15876\/revisions"}],"predecessor-version":[{"id":15892,"href":"https:\/\/sauleskomponentai.lt\/index.php\/wp-json\/wp\/v2\/product\/15876\/revisions\/15892"}],"wp:featuredmedia":[{"embeddable":true,"href":"https:\/\/sauleskomponentai.lt\/index.php\/wp-json\/wp\/v2\/media\/15877"}],"wp:attachment":[{"href":"https:\/\/sauleskomponentai.lt\/index.php\/wp-json\/wp\/v2\/media?parent=15876"}],"wp:term":[{"taxonomy":"product_brand","embeddable":true,"href":"https:\/\/sauleskomponentai.lt\/index.php\/wp-json\/wp\/v2\/product_brand?post=15876"},{"taxonomy":"product_cat","embeddable":true,"href":"https:\/\/sauleskomponentai.lt\/index.php\/wp-json\/wp\/v2\/product_cat?post=15876"},{"taxonomy":"product_tag","embeddable":true,"href":"https:\/\/sauleskomponentai.lt\/index.php\/wp-json\/wp\/v2\/product_tag?post=15876"}],"curies":[{"name":"wp","href":"https:\/\/api.w.org\/{rel}","templated":true}]}}