{"id":15794,"date":"2024-12-10T20:58:29","date_gmt":"2024-12-10T20:58:29","guid":{"rendered":"https:\/\/sauleskomponentai.lt\/?post_type=product&#038;p=15794"},"modified":"2024-12-10T21:32:55","modified_gmt":"2024-12-10T21:32:55","slug":"inverteris-100-kw-solis-5g-100k-hv","status":"publish","type":"product","link":"https:\/\/sauleskomponentai.lt\/index.php\/produktas\/inverteris-100-kw-solis-5g-100k-hv\/","title":{"rendered":"Inverteris 100 kW Solis-5G-100K-HV"},"content":{"rendered":"<p><b>100 kW inverterio\u00a0<\/b>Solis-5G-100K-HV <b>techniniai parametrai<\/b><\/p>\n<h1><b>Nuolatin\u0117 srov\u0117 (\u012fvestis)<\/b><\/h1>\n<ul>\n<li>maksimali \u012fvesties \u012ftampa: 1100 V;<\/li>\n<li>vardin\u0117 \u012ftampa: 720 V;<\/li>\n<li>paleidimo \u012ftampa: 195 V;<\/li>\n<li>MPPT \u012ftampos diapazonas: 180\u20131000 V;<\/li>\n<li>maksimali \u012fvesties srov\u0117: 10 x 26 A;<\/li>\n<li>maksimali trumpojo sujungimo srov\u0117: 10 x 40 A;<\/li>\n<li>MPPT sk.\/ maks. \u012fvesties grupi\u0173 skai\u010dius: 10 \/ 20.<\/li>\n<\/ul>\n<div>\n<h1><b>Kintamoji srov\u0117 (i\u0161vestis)<\/b><\/h1>\n<ul>\n<li>vardin\u0117 i\u0161vesties galia: 100 kW;<\/li>\n<li>maksimali tariama i\u0161vesties galia: 110 kVA;<\/li>\n<li>maksimali i\u0161vesties galia: 110 kW;<\/li>\n<li>vardin\u0117 tinklo \u012ftampa: 3\/PE, 480 V;<\/li>\n<li>vardinis tinklo da\u017enis: 50 Hz \/ 60 Hz;<\/li>\n<li>vardin\u0117 tinklo i\u0161vesties srov\u0117: 120,3 A;<\/li>\n<li>maksimali i\u0161vesties srov\u0117: 132,3 A;<\/li>\n<li>galios faktorius: &gt; 0,99 (reguliuojama nuo 0,8 pirmavimo iki 0,8 atsilikimo);<\/li>\n<li>THDi: &lt; 3 %.<\/li>\n<\/ul>\n<h1><b>Efektyvumas<\/b><\/h1>\n<ul>\n<li>maksimalus efektyvumas: 98,8 %;<\/li>\n<li>EU efektyvumas: 98,5 %.<\/li>\n<\/ul>\n<h1><b>Apsauga<\/b><\/h1>\n<ul>\n<li>DC apsauga nuo atvirk\u0161tinio poli\u0161kumo;<\/li>\n<li>apsauga nuo trumpojo jungimo;<\/li>\n<li>i\u0161vesties apsauga nuo vir\u0161srovi\u0173;<\/li>\n<li>apsauga nuo vir\u0161\u012ftampi\u0173 (DC Type II\/ AC Type II);<\/li>\n<li>tinklo steb\u0117jimas (monitoringas);<\/li>\n<li>anti-Islanding apsauga;<\/li>\n<li>temperat\u016bros apsauga;<\/li>\n<li>AFCI apsauga suma\u017eina gaisro rizik\u0105;<\/li>\n<li>integruotas PID atk\u016brimas (pasirinktina);<\/li>\n<li>integruotas DC jutiklis;<\/li>\n<li>integruotas AC jutiklis (pasirinktinai)<\/li>\n<\/ul>\n<h2>Inverterio\u00a0Solis-100K-HV-5G\u00a0b<strong>endrieji duomenys<\/strong><\/h2>\n<ul>\n<li>matmenys (plotis x auk\u0161tis x gylis): 1050 x 567 x 314,5 mm (su AC jutikliu);<\/li>\n<li>svoris: 82 kg;<\/li>\n<li>topologija: be transformatori\u0173;<\/li>\n<li>naktinis suvartojimas: &lt; 2W (nakt\u012f);<\/li>\n<li>darbin\u0117 aplinkos temperat\u016bra: \u2013 30 ~ 60 \u00b0C;<\/li>\n<li>santykin\u0117 dr\u0117gm\u0117: 0 ~ 100 %;<\/li>\n<li>apsaugos klas\u0117: IP66;<\/li>\n<li>au\u0161inimo koncepcija: pa\u017eangus atsarginis ventiliatoriaus au\u0161inimas;<\/li>\n<li>maksimali darbin\u0117 altitud\u0117: 4000 m;<\/li>\n<li>tinklo prijungimo standartas: VDE-AR-N 4105 \/ VDE V 0124, EN 50549-1, VDE 0126 \/ UTE C 15 \/ VFR:2019, CEI 0-21, C10\/11, NRS 097-2-1, TOR, EIFS 2018.2, IEC 62116, IEC 61727, IEC 60068, IEC 61683, EN 50530;<\/li>\n<li>saugumo \/ EMC standartas: IEC\/EN 62109-1\/ -2, IEC\/EN 61000-6-2\/ -4.<\/li>\n<\/ul>\n<h2><strong>Savyb\u0117s<\/strong><\/h2>\n<ul>\n<li>nuolatin\u0117s srov\u0117s (DC) jungtis: MC4;<\/li>\n<li>kintamos srov\u0117s (AC) jungtis: OT terminal (maks.185 mm\u00b2);<\/li>\n<li>ekranas: LCD;<\/li>\n<li>komunikacija: RS 485; Wi-Fi \/ GPRS \/ PLC (pasirinktinai).<\/li>\n<\/ul>\n<\/div>\n<p>Dokumentacija PDF<\/p>\n<p><a href=\"https:\/\/sauleskomponentai.lt\/wp-content\/uploads\/2024\/12\/80-110-kW-Solis-80-110K-5G-brosiura.pdf\">80-110-kW-Solis-80-110K-5G-brosiura<\/a><\/p>\n<p><a href=\"https:\/\/sauleskomponentai.lt\/wp-content\/uploads\/2024\/12\/80-110-kW-Solis-80-110K-5G-vadovas.pdf\">80-110-kW-Solis-80-110K-5G-vadovas<\/a><\/p>\n","protected":false},"excerpt":{"rendered":"<p>Solis<strong> 5G-100K-HV <\/strong>trifazis serijos inverteris turi 10 MPPT konstrukcij\u0105, kuri u\u017etikrina lankstesn\u0119 konfig\u016bracijos schem\u0105, ma\u017eesn\u012f poveik\u012f aplinkai ir didesn\u012f gamybos efektyvum\u0105. \u0160iems inverteriams b\u016bdingas pa\u017eangus atsarginis ventiliatoriaus au\u0161inimas, alios lygiagretinim\u0105 viename transformatoriuje ir i\u0161manioji styg\u0173 steb\u0117sena.<\/p>\n","protected":false},"featured_media":15802,"template":"","meta":[],"product_brand":[],"product_cat":[73],"product_tag":[74,76,75,77],"class_list":{"0":"post-15794","1":"product","2":"type-product","3":"status-publish","4":"has-post-thumbnail","6":"product_cat-inverteriai","7":"product_tag-inverteriai","8":"product_tag-saules-elektrines","9":"product_tag-saules-moduliai","10":"product_tag-solis","12":"first","13":"instock","14":"shipping-taxable","15":"purchasable","16":"product-type-simple"},"_links":{"self":[{"href":"https:\/\/sauleskomponentai.lt\/index.php\/wp-json\/wp\/v2\/product\/15794","targetHints":{"allow":["GET"]}}],"collection":[{"href":"https:\/\/sauleskomponentai.lt\/index.php\/wp-json\/wp\/v2\/product"}],"about":[{"href":"https:\/\/sauleskomponentai.lt\/index.php\/wp-json\/wp\/v2\/types\/product"}],"version-history":[{"count":1,"href":"https:\/\/sauleskomponentai.lt\/index.php\/wp-json\/wp\/v2\/product\/15794\/revisions"}],"predecessor-version":[{"id":15803,"href":"https:\/\/sauleskomponentai.lt\/index.php\/wp-json\/wp\/v2\/product\/15794\/revisions\/15803"}],"wp:featuredmedia":[{"embeddable":true,"href":"https:\/\/sauleskomponentai.lt\/index.php\/wp-json\/wp\/v2\/media\/15802"}],"wp:attachment":[{"href":"https:\/\/sauleskomponentai.lt\/index.php\/wp-json\/wp\/v2\/media?parent=15794"}],"wp:term":[{"taxonomy":"product_brand","embeddable":true,"href":"https:\/\/sauleskomponentai.lt\/index.php\/wp-json\/wp\/v2\/product_brand?post=15794"},{"taxonomy":"product_cat","embeddable":true,"href":"https:\/\/sauleskomponentai.lt\/index.php\/wp-json\/wp\/v2\/product_cat?post=15794"},{"taxonomy":"product_tag","embeddable":true,"href":"https:\/\/sauleskomponentai.lt\/index.php\/wp-json\/wp\/v2\/product_tag?post=15794"}],"curies":[{"name":"wp","href":"https:\/\/api.w.org\/{rel}","templated":true}]}}