{"id":15777,"date":"2024-12-10T20:08:26","date_gmt":"2024-12-10T20:08:26","guid":{"rendered":"https:\/\/sauleskomponentai.lt\/?post_type=product&#038;p=15777"},"modified":"2024-12-10T20:21:06","modified_gmt":"2024-12-10T20:21:06","slug":"inverteris-20-kw-solis-s5-gr3p20k","status":"publish","type":"product","link":"https:\/\/sauleskomponentai.lt\/index.php\/produktas\/inverteris-20-kw-solis-s5-gr3p20k\/","title":{"rendered":"Inverteris 20 kW Solis-S5-GR3P20K"},"content":{"rendered":"<p><b>20 kW inverterio\u00a0<\/b>Solis-GR3P20K-S5\u00a0<b>techniniai parametrai<\/b><\/p>\n<h1><b>Nuolatin\u0117 srov\u0117 (\u012fvestis)<\/b><\/h1>\n<ul>\n<li>maksimali \u012fvesties galia: 30 kW;<\/li>\n<li>maksimali \u012fvesties \u012ftampa: 1100 V;<\/li>\n<li>vardin\u0117 \u012ftampa: 600 V;<\/li>\n<li>paleidimo \u012ftampa: 180 V;<\/li>\n<li>MPPT \u012ftampos diapazonas: 160\u20131000 V;<\/li>\n<li>maksimali \u012fvesties srov\u0117: 32 A \/ 32 A;<\/li>\n<li>maksimali trumpojo sujungimo srov\u0117: 40 A \/ 40 A;<\/li>\n<li>MPPT sk.\/ maks. \u012fvesties grupi\u0173 skai\u010dius: 2 \/ 4.<\/li>\n<\/ul>\n<div>\n<h1><b>Kintamoji srov\u0117 (i\u0161vestis)<\/b><\/h1>\n<ul>\n<li>vardin\u0117 i\u0161vesties galia: 20 kW;<\/li>\n<li>maksimali tariama i\u0161vesties galia: 22 kVA;<\/li>\n<li>maksimali i\u0161vesties galia: 22 kW;<\/li>\n<li>vardin\u0117 tinklo \u012ftampa: 3\/N\/PE, 220 V \/ 380 V, 230 V \/ 400V;<\/li>\n<li>vardinis tinklo da\u017enis: 50 Hz \/ 60 Hz;<\/li>\n<li>vardin\u0117 tinklo i\u0161vesties srov\u0117: 30,4 A \/ 28,9 A;<\/li>\n<li>maksimali i\u0161vesties srov\u0117: 31,8 A;<\/li>\n<li>galios faktorius: &gt; 0,99 (reguliuojama nuo 0,8 pirmavimo iki 0,8 atsilikimo);<\/li>\n<li>THDi: &lt; 2 %.<\/li>\n<\/ul>\n<h1><b>Efektyvumas<\/b><\/h1>\n<ul>\n<li>maksimalus efektyvumas: 98,7 %;<\/li>\n<li>EU efektyvumas: 98,1 %.<\/li>\n<\/ul>\n<h1><b>Apsauga<\/b><\/h1>\n<ul>\n<li>DC apsauga nuo atvirk\u0161tinio poli\u0161kumo;<\/li>\n<li>apsauga nuo trumpojo jungimo;<\/li>\n<li>i\u0161vesties apsauga nuo vir\u0161srovi\u0173;<\/li>\n<li>apsauga nuo vir\u0161\u012ftampi\u0173 (DC \/ AC);<\/li>\n<li>tinklo steb\u0117jimas (monitoringas);<\/li>\n<li>anti-Islanding apsauga;<\/li>\n<li>temperat\u016bros apsauga;<\/li>\n<li>AFCI apsauga suma\u017eina gaisro rizik\u0105;<\/li>\n<li>integruotas DC jutiklis (pasirinktina).<\/li>\n<\/ul>\n<h2><strong>Inverterio<\/strong>\u00a0Solis-GR3P20K-S5\u00a0<strong>bendrieji duomenys<\/strong><\/h2>\n<ul>\n<li>matmenys (plotis x auk\u0161tis x gylis): 310 x 563 x 219 mm;<\/li>\n<li>svoris: 20 kg;<\/li>\n<li>topologija: be transformatori\u0173;<\/li>\n<li>naktinis suvartojimas: &lt; 1W (nakt\u012f);<\/li>\n<li>darbin\u0117 aplinkos temperat\u016bra: \u2013 25 ~ 60 \u00b0C;<\/li>\n<li>santykin\u0117 dr\u0117gm\u0117: 0 ~ 100 %;<\/li>\n<li>apsaugos klas\u0117: IP66;<\/li>\n<li>au\u0161inimo koncepcija: nat\u016brali konversija;<\/li>\n<li>maksimalus darbinis auk\u0161tis: 4000 m;<\/li>\n<li>tinklo prijungimo standartas: VDE-AR-N 4105 \/ VDE V 0124, EN 50549-1, VDE 0126 \/ UTE C 15 \/ VFR:2019, RD 1699 \/ RD 244 \/ UNE 206006 \/ UNE 206007-1, CEI 0-21, C10\/11, NRS 097-2-1, EIFS 2018.2, IEC 62116, IEC 61727, IEC 60068, IEC 61683, EN 50530;<\/li>\n<li>saugumo \/ EMC standartas: IEC\/EN 62109-1\/ -2, IEC\/EN 61000-6-1\/ -2\/ -3\/ -4.<\/li>\n<\/ul>\n<h2><strong>Savyb\u0117s<\/strong><\/h2>\n<ul>\n<li>nuolatin\u0117s srov\u0117s (DC) jungtis: MC4;<\/li>\n<li>kintamos srov\u0117s (AC) jungtis: gnybt\u0173 plok\u0161t\u0117;<\/li>\n<li>ekranas: LCD;<\/li>\n<li>komunikacija: RS 485; Wi-Fi \/ GPRS (pasirinktinai).<\/li>\n<\/ul>\n<p>Dokumentacija PDF:<\/p>\n<p><a href=\"https:\/\/sauleskomponentai.lt\/wp-content\/uploads\/2024\/12\/Solis_datasheet_S5-GR3P5-20K_IND_V24_202411-brosiura.pdf\">Solis_datasheet_S5-GR3P(5-20)K_IND_V2,4_202411-brosiura<\/a><\/p>\n<p><a href=\"https:\/\/sauleskomponentai.lt\/wp-content\/uploads\/2024\/12\/Solis_Manual_S5-GR3P15-20K_DW_EUR_V1220240702-vadovas.pdf\">Solis_Manual_S5-GR3P(15-20)K_DW_EUR_V1,2(20240702)-vadovas<\/a><\/p>\n<\/div>\n","protected":false},"excerpt":{"rendered":"<p>Solis <strong>S5-GR3P20K <\/strong>trifazis nuosekliosios grandin\u0117s inverteris pasi\u017eymi ma\u017eesniu dyd\u017eiu, ta\u010diau didesniu efektyvumu, o esant poreikiui, galima rinktis i\u0161 skirtingos galios modeli\u0173. \u0160ie inverteriai naudojami\u00a0gyvenamosioms, nedidel\u0117ms pramonin\u0117ms ir komercin\u0117ms fotovoltin\u0117ms \u012frengtims.<\/p>\n","protected":false},"featured_media":15775,"template":"","meta":[],"product_brand":[],"product_cat":[73],"product_tag":[74,76,75,77],"class_list":{"0":"post-15777","1":"product","2":"type-product","3":"status-publish","4":"has-post-thumbnail","6":"product_cat-inverteriai","7":"product_tag-inverteriai","8":"product_tag-saules-elektrines","9":"product_tag-saules-moduliai","10":"product_tag-solis","12":"first","13":"instock","14":"shipping-taxable","15":"purchasable","16":"product-type-simple"},"_links":{"self":[{"href":"https:\/\/sauleskomponentai.lt\/index.php\/wp-json\/wp\/v2\/product\/15777","targetHints":{"allow":["GET"]}}],"collection":[{"href":"https:\/\/sauleskomponentai.lt\/index.php\/wp-json\/wp\/v2\/product"}],"about":[{"href":"https:\/\/sauleskomponentai.lt\/index.php\/wp-json\/wp\/v2\/types\/product"}],"version-history":[{"count":1,"href":"https:\/\/sauleskomponentai.lt\/index.php\/wp-json\/wp\/v2\/product\/15777\/revisions"}],"predecessor-version":[{"id":15780,"href":"https:\/\/sauleskomponentai.lt\/index.php\/wp-json\/wp\/v2\/product\/15777\/revisions\/15780"}],"wp:featuredmedia":[{"embeddable":true,"href":"https:\/\/sauleskomponentai.lt\/index.php\/wp-json\/wp\/v2\/media\/15775"}],"wp:attachment":[{"href":"https:\/\/sauleskomponentai.lt\/index.php\/wp-json\/wp\/v2\/media?parent=15777"}],"wp:term":[{"taxonomy":"product_brand","embeddable":true,"href":"https:\/\/sauleskomponentai.lt\/index.php\/wp-json\/wp\/v2\/product_brand?post=15777"},{"taxonomy":"product_cat","embeddable":true,"href":"https:\/\/sauleskomponentai.lt\/index.php\/wp-json\/wp\/v2\/product_cat?post=15777"},{"taxonomy":"product_tag","embeddable":true,"href":"https:\/\/sauleskomponentai.lt\/index.php\/wp-json\/wp\/v2\/product_tag?post=15777"}],"curies":[{"name":"wp","href":"https:\/\/api.w.org\/{rel}","templated":true}]}}