{"id":15753,"date":"2024-12-03T22:21:19","date_gmt":"2024-12-03T22:21:19","guid":{"rendered":"https:\/\/sauleskomponentai.lt\/?post_type=product&#038;p=15753"},"modified":"2024-12-10T20:07:21","modified_gmt":"2024-12-10T20:07:21","slug":"inverteris-3-6-kw-solis-s6-gr1p3-6k","status":"publish","type":"product","link":"https:\/\/sauleskomponentai.lt\/index.php\/produktas\/inverteris-3-6-kw-solis-s6-gr1p3-6k\/","title":{"rendered":"Inverteris 3.6 kW Solis-S6-GR1P3.6K"},"content":{"rendered":"<p><b>3,6 kW inverterio\u00a0<\/b>Solis-S6-GR1P3.6K <b>techniniai parametrai<\/b><\/p>\n<h1><b>Nuolatin\u0117 srov\u0117 (\u012fvestis)<\/b><\/h1>\n<ul>\n<li>maksimali \u012fvesties galia: 5,4 kW;<\/li>\n<li>maksimali \u012fvesties \u012ftampa: 600 V;<\/li>\n<li>vardin\u0117 \u012ftampa: 330 V;<\/li>\n<li>paleidimo \u012ftampa: 120 V;<\/li>\n<li>MPPT \u012ftampos diapazonas: 90\u2013520 V;<\/li>\n<li>maksimali \u012fvesties srov\u0117: 14 A \/ 14 A;<\/li>\n<li>maksimali trumpojo sujungimo srov\u0117: 22 A \/ 22 A;<\/li>\n<li>MPPT sk.\/ maks. \u012fvesties grupi\u0173 skai\u010dius: 2 \/ 2.<\/li>\n<\/ul>\n<div>\n<h1><b>Kintamoji srov\u0117 (i\u0161vestis)<\/b><\/h1>\n<ul>\n<li>vardin\u0117 i\u0161vesties galia: 3,6 kW;<\/li>\n<li>maksimali tariama i\u0161vesties galia: 4 kVA;<\/li>\n<li>maksimali i\u0161vesties galia: 4 kW;<\/li>\n<li>vardin\u0117 tinklo \u012ftampa: 1\/N\/PE, 220 V \/230 V<\/li>\n<li>vardinis tinklo da\u017enis: 50 Hz \/ 60 Hz;<\/li>\n<li>vardin\u0117 tinklo i\u0161vesties srov\u0117: 16,0 A \/ 15,7 A;<\/li>\n<li>maksimali i\u0161vesties srov\u0117: 16 A;<\/li>\n<li>galios faktorius: &gt; 0,99 (reguliuojama nuo 0,8 pirmavimo iki 0,8 atsilikimo);<\/li>\n<li>THDi: &lt; 3 %.<\/li>\n<\/ul>\n<h1><b>Efektyvumas<\/b><\/h1>\n<ul>\n<li>maksimalus efektyvumas: 97,3 %;<\/li>\n<li>EU efektyvumas: 96,6 %.<\/li>\n<\/ul>\n<h1><b>Apsauga<\/b><\/h1>\n<ul>\n<li>DC apsauga nuo atvirk\u0161tinio poli\u0161kumo;<\/li>\n<li>apsauga nuo trumpojo jungimo;<\/li>\n<li>i\u0161vesties apsauga nuo vir\u0161srovi\u0173;<\/li>\n<li>apsauga nuo vir\u0161\u012ftampi\u0173 (DC \/ AC);<\/li>\n<li>tinklo steb\u0117jimas (monitoringas);<\/li>\n<li>anti-Islanding apsauga;<\/li>\n<li>temperat\u016bros apsauga;<\/li>\n<li>AFCI apsauga suma\u017eina gaisro rizik\u0105;<\/li>\n<li>integruotas DC jutiklis (pasirinktina).<\/li>\n<\/ul>\n<h2>Inverterio\u00a0Solis-GR1P3.6K-S6 <strong>bendrieji duomenys<\/strong><\/h2>\n<ul>\n<li>matmenys (plotis x auk\u0161tis x gylis): 310 x 543 x 160 mm;<\/li>\n<li>svoris: 11,2 kg;<\/li>\n<li>topologija: be transformatori\u0173;<\/li>\n<li>naktinis suvartojimas: &lt; 1W (nakt\u012f);<\/li>\n<li>darbin\u0117 aplinkos temperat\u016bra: \u2013 25 ~ 60 \u00b0C;<\/li>\n<li>santykin\u0117 dr\u0117gm\u0117: 0 ~ 100 %;<\/li>\n<li>apsaugos klas\u0117: IP66;<\/li>\n<li>au\u0161inimo koncepcija: nat\u016brali konversija;<\/li>\n<li>maksimalus darbinis auk\u0161tis: 4000 m;<\/li>\n<li>tinklo prijungimo standartas: G98(2) or G99, VDE-AR-N 4105 \/ VDE V 0124, EN 50549-1, VDE 0126 \/ UTE C 15 \/ VFR:2019, RD 1699 \/ RD 244 \/ UNE 206006 \/ UNE 206007-1, CEI 0-21, C10\/11, NRS 097-2-1, EIFS 2018.2, IEC 62116, IEC 61727, IEC 60068, IEC 61683, EN 50530, MEA, PEA;<\/li>\n<li>saugumo \/ EMC standartas: IEC 62109-1 \/ -2, IEC 62116, EN 61000-6-1 \/ -2 \/ -3 \/ -4.<\/li>\n<\/ul>\n<h2><strong>Savyb\u0117s<\/strong><\/h2>\n<ul>\n<li>nuolatin\u0117s srov\u0117s (DC) jungtis: MC4;<\/li>\n<li>kintamos srov\u0117s (AC) jungtis: gnybt\u0173 plok\u0161t\u0117;<\/li>\n<li>ekranas: LCD;<\/li>\n<li>komunikacija: RS 485; Wi-Fi \/ GPRS (pasirinktinai)<\/li>\n<\/ul>\n<p><a href=\"https:\/\/sauleskomponentai.lt\/wp-content\/uploads\/2024\/12\/Solis_datasheet_S6-GR1P36K-M_JOR_2023_8Available_for_Jordan.pdf\">Dokumentacijos PDF S6-GR1P3.6K-M<\/a><\/p>\n<\/div>\n","protected":false},"excerpt":{"rendered":"<p>Solis<strong> S6-GR1P(0,7-3,6)K-M<\/strong> serijos vienfazis inverteris skirtas gyvenamosioms saul\u0117s elektrin\u0117s j\u0117gain\u0117ms. Kompakti\u0161ka ir lengva konstrukcija, tod\u0117l j\u012f lengva montuoti. Konstrukcija be ventiliatoriaus, ma\u017eesnis triuk\u0161mas, tad tai u\u017etikrina komforti\u0161k\u0105 saul\u0117s elektrin\u0117s veikl\u0105 gyvenamuosiuose namuose, o integruota AFCI funkcija gali aktyviai suma\u017einti gaisro pavoj\u0173.<\/p>\n","protected":false},"featured_media":15758,"template":"","meta":[],"product_brand":[],"product_cat":[73],"product_tag":[74,76,75],"class_list":{"0":"post-15753","1":"product","2":"type-product","3":"status-publish","4":"has-post-thumbnail","6":"product_cat-inverteriai","7":"product_tag-inverteriai","8":"product_tag-saules-elektrines","9":"product_tag-saules-moduliai","11":"first","12":"instock","13":"shipping-taxable","14":"purchasable","15":"product-type-simple"},"_links":{"self":[{"href":"https:\/\/sauleskomponentai.lt\/index.php\/wp-json\/wp\/v2\/product\/15753","targetHints":{"allow":["GET"]}}],"collection":[{"href":"https:\/\/sauleskomponentai.lt\/index.php\/wp-json\/wp\/v2\/product"}],"about":[{"href":"https:\/\/sauleskomponentai.lt\/index.php\/wp-json\/wp\/v2\/types\/product"}],"version-history":[{"count":4,"href":"https:\/\/sauleskomponentai.lt\/index.php\/wp-json\/wp\/v2\/product\/15753\/revisions"}],"predecessor-version":[{"id":15763,"href":"https:\/\/sauleskomponentai.lt\/index.php\/wp-json\/wp\/v2\/product\/15753\/revisions\/15763"}],"wp:featuredmedia":[{"embeddable":true,"href":"https:\/\/sauleskomponentai.lt\/index.php\/wp-json\/wp\/v2\/media\/15758"}],"wp:attachment":[{"href":"https:\/\/sauleskomponentai.lt\/index.php\/wp-json\/wp\/v2\/media?parent=15753"}],"wp:term":[{"taxonomy":"product_brand","embeddable":true,"href":"https:\/\/sauleskomponentai.lt\/index.php\/wp-json\/wp\/v2\/product_brand?post=15753"},{"taxonomy":"product_cat","embeddable":true,"href":"https:\/\/sauleskomponentai.lt\/index.php\/wp-json\/wp\/v2\/product_cat?post=15753"},{"taxonomy":"product_tag","embeddable":true,"href":"https:\/\/sauleskomponentai.lt\/index.php\/wp-json\/wp\/v2\/product_tag?post=15753"}],"curies":[{"name":"wp","href":"https:\/\/api.w.org\/{rel}","templated":true}]}}