{"id":4400,"date":"2021-10-12T15:51:09","date_gmt":"2021-10-12T15:51:09","guid":{"rendered":"http:\/\/dummy.xtemos.com\/woodmart2\/elementor\/?page_id=4400"},"modified":"2024-06-06T10:06:12","modified_gmt":"2024-06-06T10:06:12","slug":"apie-mus","status":"publish","type":"page","link":"https:\/\/sauleskomponentai.lt\/index.php\/apie-mus\/","title":{"rendered":"Apie mus"},"content":{"rendered":"\t\t<div data-elementor-type=\"wp-page\" data-elementor-id=\"4400\" class=\"elementor elementor-4400\" data-elementor-post-type=\"page\">\n\t\t\t\t<div class=\"elementor-element elementor-element-7c7c544 e-flex e-con-boxed e-con e-parent\" data-id=\"7c7c544\" data-element_type=\"container\" data-e-type=\"container\">\n\t\t\t\t\t<div class=\"e-con-inner\">\n\t\t<div class=\"elementor-element elementor-element-97d6084 e-con-full e-flex e-con e-child\" data-id=\"97d6084\" data-element_type=\"container\" data-e-type=\"container\">\n\t\t\t\t<div class=\"elementor-element elementor-element-98d830b elementor-widget__width-initial wd-width-100 elementor-widget elementor-widget-wd_title\" data-id=\"98d830b\" data-element_type=\"widget\" data-e-type=\"widget\" data-widget_type=\"wd_title.default\">\n\t\t\t\t<div class=\"elementor-widget-container\">\n\t\t\t\t\t\t\t<div class=\"title-wrapper set-mb-s reset-last-child wd-title-color-primary wd-title-style-default wd-title-size-large text-center\">\n\n\t\t\t\n\t\t\t<div class=\"liner-continer\">\n\t\t\t\t<h4 class=\"woodmart-title-container title wd-fontsize-xxl\">Apie mus<\/h4> \n\t\t\t\t\t\t\t<\/div>\n\n\t\t\t\t\t<\/div>\n\t\t\t\t\t\t<\/div>\n\t\t\t\t<\/div>\n\t\t\t\t<div class=\"elementor-element elementor-element-66e47ad elementor-widget elementor-widget-wd_text_block\" data-id=\"66e47ad\" data-element_type=\"widget\" data-e-type=\"widget\" data-widget_type=\"wd_text_block.default\">\n\t\t\t\t<div class=\"elementor-widget-container\">\n\t\t\t\t\t\t\t<div class=\"wd-text-block reset-last-child text-left\">\n\t\t\t\n\t\t\t<p>Nuo savo \u012fk\u016brimo Sinova.lt siekia pl\u0117toti ir diegti i\u0161mani\u0173j\u0173 saul\u0117s elektrini\u0173 sprendimus, padedan\u010dius \u017emon\u0117ms pasinaudoti \u0161varia ir efektyvia saul\u0117s energija. Jos in\u017einieriai ir techniniai specialistai turi ilgamet\u0119 patirt\u012f \u0161ioje srityje, o tai leid\u017eia \u012fmonei u\u017etikrinti auk\u0161tos kokyb\u0117s ir patikimumo standartus.<\/p><p>Viena i\u0161 Sinova.lt s\u0117km\u0117s paslap\u010di\u0173 yra nuolatinis d\u0117mesys klient\u0173 poreikiams. \u012emon\u0117 pasi\u017eymi individualiu po\u017ei\u016briu \u012f kiekvien\u0105 klient\u0105 ir sugeba pasi\u016blyti tinkamiausius sprendimus, atsi\u017evelgdama \u012f j\u0173 pageidavimus ir vietos s\u0105lygas. \u012emon\u0117 taip pat bendradarbiauja su verslo klientais ir vie\u0161osiomis institucijomis, siekdama \u012fgyvendinti ilgalaikius tvarumo tikslus ir prisid\u0117ti prie \u0161vari\u0173 energetini\u0173 sprendim\u0173 populiarinimo.<\/p><p>Sinova.lt taip pat yra pirmaujanti automobili\u0173 \u012fkrovimo stoteli\u0173 tiekimo ir diegimo \u012fmon\u0117 Lietuvoje. Jos tikslas yra skatinti elektromobili\u0173 naudojim\u0105 ir prisid\u0117ti prie i\u0161metam\u0173j\u0173 ter\u0161al\u0173 ma\u017einimo. \u012emon\u0117 tiekia modernias, greitas ir patogias \u012fkrovimo stoteles, pritaikytas tiek privatiems vartotojams, tiek vie\u0161iesiems auk\u0161tos galios \u012fkrovimo punktams.<\/p><p>Be to, Sinova.lt aktyviai dalyvauja energetikos projektuose, remiant energijos efektyvumo sprendimus ir tvaraus miesto pl\u0117tr\u0105. Jos komanda nuolat seka naujausias technologijas ir tendencijas, siekdama b\u016bti \u0161ios srities lyder\u0117 ir suteikti klientams pa\u017eangius ir efektyvius sprendimus.<\/p><p>\u012emon\u0117s Sinova.lt 10 met\u0173 veiklos istorija liudija jos profesionalum\u0105, patikimum\u0105 ir geb\u0117jim\u0105 prisitaikyti prie spar\u010diai kintan\u010di\u0173 energetikos rinkos poreiki\u0173. Ji ne tik teikia auk\u0161tos kokyb\u0117s produktus ir paslaugas, bet ir skatina visuomen\u0117s s\u0105moningum\u0105 d\u0117l \u0161varios energijos naudojimo ir tvarumo svarbos.<\/p><p>Jeigu ie\u0161kote saul\u0117s energijos sprendim\u0173 arba kokybi\u0161k\u0173 automobili\u0173 \u012fkrovimo stoteli\u0173, Sinova.lt yra patikimas partneris, pasiruo\u0161\u0119s pad\u0117ti jums pasiekti j\u016bs\u0173 tikslus ir prisid\u0117ti prie tvaraus ateities k\u016brimo.<\/p>\n\t\t\t\t\t<\/div>\n\t\t\t\t\t\t<\/div>\n\t\t\t\t<\/div>\n\t\t<div class=\"elementor-element elementor-element-3eef7d8 e-con-full e-flex e-con e-child\" data-id=\"3eef7d8\" data-element_type=\"container\" data-e-type=\"container\">\n\t\t\t\t<div class=\"elementor-element elementor-element-ee232e9 elementor-widget__width-auto elementor-hidden-phone elementor-widget elementor-widget-wd_social_buttons\" data-id=\"ee232e9\" data-element_type=\"widget\" data-e-type=\"widget\" data-widget_type=\"wd_social_buttons.default\">\n\t\t\t\t<div class=\"elementor-widget-container\">\n\t\t\t\t\t\n\t\t\t<div class=\" wd-social-icons icons-design-colored-alt icons-size-small color-scheme-dark social-share social-form-circle text-left\">\n\n\t\t\t\t\n\t\t\t\t\t\t\t\t\t<a rel=\"noopener noreferrer nofollow\" href=\"https:\/\/www.facebook.com\/sharer\/sharer.php?u=https:\/\/sauleskomponentai.lt\/index.php\/apie-mus\/\" target=\"_blank\" class=\" wd-social-icon social-facebook\" aria-label=\"Facebook social link\">\n\t\t\t\t\t\t<span class=\"wd-icon\"><\/span>\n\t\t\t\t\t\t\t\t\t\t\t<\/a>\n\t\t\t\t\n\t\t\t\t\t\t\t\t\t<a rel=\"noopener noreferrer nofollow\" href=\"https:\/\/x.com\/share?url=https:\/\/sauleskomponentai.lt\/index.php\/apie-mus\/\" target=\"_blank\" class=\" wd-social-icon social-twitter\" aria-label=\"X social link\">\n\t\t\t\t\t\t<span class=\"wd-icon\"><\/span>\n\t\t\t\t\t\t\t\t\t\t\t<\/a>\n\t\t\t\t\n\t\t\t\t\n\t\t\t\t\n\t\t\t\t\n\t\t\t\t\t\t\t\t\t<a rel=\"noopener noreferrer nofollow\" href=\"https:\/\/pinterest.com\/pin\/create\/button\/?url=https:\/\/sauleskomponentai.lt\/index.php\/apie-mus\/&media=https:\/\/sauleskomponentai.lt\/wp-includes\/images\/media\/default.svg&description=Apie+mus\" target=\"_blank\" class=\" wd-social-icon social-pinterest\" aria-label=\"Pinterest social link\">\n\t\t\t\t\t\t<span class=\"wd-icon\"><\/span>\n\t\t\t\t\t\t\t\t\t\t\t<\/a>\n\t\t\t\t\n\t\t\t\t\n\t\t\t\t\t\t\t\t\t<a rel=\"noopener noreferrer nofollow\" href=\"https:\/\/www.linkedin.com\/shareArticle?mini=true&url=https:\/\/sauleskomponentai.lt\/index.php\/apie-mus\/\" target=\"_blank\" class=\" wd-social-icon social-linkedin\" aria-label=\"Linkedin social link\">\n\t\t\t\t\t\t<span class=\"wd-icon\"><\/span>\n\t\t\t\t\t\t\t\t\t\t\t<\/a>\n\t\t\t\t\n\t\t\t\t\n\t\t\t\t\n\t\t\t\t\n\t\t\t\t\n\t\t\t\t\n\t\t\t\t\n\t\t\t\t\n\t\t\t\t\n\t\t\t\t\n\t\t\t\t\t\t\t\t\n\t\t\t\t\t\t\t\t\n\t\t\t\t\n\t\t\t\t\n\t\t\t\t\t\t\t\t\t<a rel=\"noopener noreferrer nofollow\" href=\"https:\/\/telegram.me\/share\/url?url=https:\/\/sauleskomponentai.lt\/index.php\/apie-mus\/\" target=\"_blank\" class=\" wd-social-icon social-tg\" aria-label=\"Telegram social link\">\n\t\t\t\t\t\t<span class=\"wd-icon\"><\/span>\n\t\t\t\t\t\t\t\t\t\t\t<\/a>\n\t\t\t\t\t\t\t\t\n\t\t\t\t\n\t\t\t<\/div>\n\n\t\t\t\t\t\t<\/div>\n\t\t\t\t<\/div>\n\t\t\t\t<\/div>\n\t\t\t\t<\/div>\n\t\t\t\t\t<\/div>\n\t\t\t\t<\/div>\n\t\t\t\t<\/div>\n\t\t","protected":false},"excerpt":{"rendered":"<p>Apie mus Nuo savo \u012fk\u016brimo Sinova.lt siekia pl\u0117toti ir diegti i\u0161mani\u0173j\u0173 saul\u0117s elektrini\u0173 sprendimus, padedan\u010dius \u017emon\u0117ms pasinaudoti \u0161varia ir efektyvia<\/p>\n","protected":false},"author":1,"featured_media":0,"parent":0,"menu_order":0,"comment_status":"closed","ping_status":"closed","template":"","meta":{"footnotes":""},"class_list":["post-4400","page","type-page","status-publish","hentry"],"_links":{"self":[{"href":"https:\/\/sauleskomponentai.lt\/index.php\/wp-json\/wp\/v2\/pages\/4400","targetHints":{"allow":["GET"]}}],"collection":[{"href":"https:\/\/sauleskomponentai.lt\/index.php\/wp-json\/wp\/v2\/pages"}],"about":[{"href":"https:\/\/sauleskomponentai.lt\/index.php\/wp-json\/wp\/v2\/types\/page"}],"author":[{"embeddable":true,"href":"https:\/\/sauleskomponentai.lt\/index.php\/wp-json\/wp\/v2\/users\/1"}],"replies":[{"embeddable":true,"href":"https:\/\/sauleskomponentai.lt\/index.php\/wp-json\/wp\/v2\/comments?post=4400"}],"version-history":[{"count":4,"href":"https:\/\/sauleskomponentai.lt\/index.php\/wp-json\/wp\/v2\/pages\/4400\/revisions"}],"predecessor-version":[{"id":15626,"href":"https:\/\/sauleskomponentai.lt\/index.php\/wp-json\/wp\/v2\/pages\/4400\/revisions\/15626"}],"wp:attachment":[{"href":"https:\/\/sauleskomponentai.lt\/index.php\/wp-json\/wp\/v2\/media?parent=4400"}],"curies":[{"name":"wp","href":"https:\/\/api.w.org\/{rel}","templated":true}]}}