{"id":15656,"date":"2024-06-06T12:57:32","date_gmt":"2024-06-06T12:57:32","guid":{"rendered":"https:\/\/sauleskomponentai.lt\/?page_id=15656"},"modified":"2024-06-06T12:59:47","modified_gmt":"2024-06-06T12:59:47","slug":"saules-elektriniu-stogines","status":"publish","type":"page","link":"https:\/\/sauleskomponentai.lt\/index.php\/saules-elektriniu-stogines\/","title":{"rendered":"Saul\u0117s elektrini\u0173 stogin\u0117s"},"content":{"rendered":"\t\t<div data-elementor-type=\"wp-page\" data-elementor-id=\"15656\" class=\"elementor elementor-15656\" data-elementor-post-type=\"page\">\n\t\t\t\t<div class=\"elementor-element elementor-element-7c7c544 e-flex e-con-boxed e-con e-parent\" data-id=\"7c7c544\" data-element_type=\"container\" data-e-type=\"container\">\n\t\t\t\t\t<div class=\"e-con-inner\">\n\t\t<div class=\"elementor-element elementor-element-97d6084 e-con-full e-flex e-con e-child\" data-id=\"97d6084\" data-element_type=\"container\" data-e-type=\"container\">\n\t\t\t\t<div class=\"elementor-element elementor-element-98d830b elementor-widget__width-initial wd-width-100 elementor-widget elementor-widget-wd_title\" data-id=\"98d830b\" data-element_type=\"widget\" data-e-type=\"widget\" data-widget_type=\"wd_title.default\">\n\t\t\t\t<div class=\"elementor-widget-container\">\n\t\t\t\t\t\t\t<div class=\"title-wrapper set-mb-s reset-last-child wd-title-color-primary wd-title-style-default wd-title-size-large text-center\">\n\n\t\t\t\n\t\t\t<div class=\"liner-continer\">\n\t\t\t\t<h4 class=\"woodmart-title-container title wd-fontsize-xxl\">Saul\u0117s elektrini\u0173 stogin\u0117s<\/h4> \n\t\t\t\t\t\t\t<\/div>\n\n\t\t\t\t\t<\/div>\n\t\t\t\t\t\t<\/div>\n\t\t\t\t<\/div>\n\t\t\t\t<div class=\"elementor-element elementor-element-66e47ad elementor-widget elementor-widget-wd_text_block\" data-id=\"66e47ad\" data-element_type=\"widget\" data-e-type=\"widget\" data-widget_type=\"wd_text_block.default\">\n\t\t\t\t<div class=\"elementor-widget-container\">\n\t\t\t\t\t\t\t<div class=\"wd-text-block reset-last-child text-left\">\n\t\t\t\n\t\t\t<p>Tai yra naujovi\u0161ka ir ekologi\u0161ka paslauga, leid\u017eianti nam\u0173 savininkams, verslams ir kitoms organizacijoms panaudoti savo turimas stogines ne tik kaip apsaug\u0105 nuo lietaus ir saul\u0117s, bet ir kaip elektrini\u0173 gamybos \u012frenginius. Pagrindin\u0117s paslaugos ypatyb\u0117s ir privalumai yra \u0161ie:<\/p><h3>Saul\u0117s elektrini\u0173 stogini\u0173 paslauga:<\/h3><ol><li><p><strong>Integracija su esamomis stogin\u0117mis<\/strong>:<\/p><ul><li>Saul\u0117s moduliai \u012frengiami tiesiai ant esam\u0173 stogini\u0173 konstrukcij\u0173, tod\u0117l nereikia papildomai \u012frengin\u0117ti stogo dangos.<\/li><li>Galima naudoti tiek ant naujai statom\u0173, tiek ant jau esam\u0173 stogini\u0173.<\/li><\/ul><\/li><li><p><strong>Stogo dangos i\u0161laidos<\/strong>:<\/p><ul><li>Naudojant saul\u0117s modulius kaip stogo dang\u0105, galima sutaupyti pinig\u0173, nes nereik\u0117s pirkti ir montuoti tradicini\u0173 stogo dang\u0173.<\/li><li>Saul\u0117s moduliai yra atspar\u016bs \u012fvairioms oro s\u0105lygoms, tod\u0117l j\u0173 ilgaam\u017ei\u0161kumas prilygsta ar net vir\u0161ija tradicini\u0173 stogo dang\u0173 tarnavimo laik\u0105.<\/li><\/ul><\/li><li><p><strong>Energijos gamyba ir s\u0105naud\u0173 ma\u017einimas<\/strong>:<\/p><ul><li>Saul\u0117s elektrin\u0117s gamina elektr\u0105, kuri\u0105 galima naudoti nam\u0173 ar verslo poreikiams, taip suma\u017einant elektros s\u0105naudas.<\/li><li>Perteklin\u0119 elektr\u0105 galima parduoti \u012f tinkl\u0105, gaunant papildom\u0173 pajam\u0173.<\/li><\/ul><\/li><li><p><strong>Aplinkos apsauga<\/strong>:<\/p><ul><li>Naudojant saul\u0117s energij\u0105, ma\u017einamas i\u0161kastinio kuro naudojimas ir CO2 emisijos, taip prisidedant prie klimato kaitos ma\u017einimo.<\/li><li>Saul\u0117s elektrini\u0173 stogin\u0117s padeda \u012fgyvendinti tvarumo ir \u017ealiosios energijos tikslus.<\/li><\/ul><\/li><li><p><strong>Lankstumas ir estetin\u0117 i\u0161vaizda<\/strong>:<\/p><ul><li>Saul\u0117s moduliai gali b\u016bti pritaikomi \u012fvairi\u0173 dyd\u017ei\u0173 ir form\u0173 stogin\u0117ms, u\u017etikrinant maksimal\u0173 efektyvum\u0105.<\/li><li>Modernus dizainas suteikia estetin\u0119 vert\u0119 ir gali padidinti nekilnojamojo turto vert\u0119.<\/li><\/ul><\/li><li><p><strong>Montavimo ir prie\u017ei\u016bros paslaugos<\/strong>:<\/p><ul><li>Profesional\u016bs montavimo specialistai u\u017etikrina kokybi\u0161k\u0105 ir saug\u0173 saul\u0117s moduli\u0173 \u012frengim\u0105.<\/li><li>Si\u016blomos prie\u017ei\u016bros paslaugos, u\u017etikrinan\u010dios ilgalaik\u012f ir efektyv\u0173 sistemos darb\u0105.<\/li><\/ul><\/li><\/ol><p>Saul\u0117s elektrini\u0173 stogin\u0117s yra puikus sprendimas tiems, kurie nori maksimaliai i\u0161naudoti savo turim\u0105 erdv\u0119 ir investuoti \u012f tvar\u0173 energijos \u0161altin\u012f. \u0160i paslauga ne tik padeda sutaupyti pinig\u0173, bet ir prisideda prie aplinkos apsaugos, ma\u017eina priklausomyb\u0119 nuo i\u0161kastinio kuro bei didina nekilnojamojo turto vert\u0119.<\/p>\n\t\t\t\t\t<\/div>\n\t\t\t\t\t\t<\/div>\n\t\t\t\t<\/div>\n\t\t\t\t<div class=\"elementor-element elementor-element-1d816c7 elementor-widget elementor-widget-gallery\" data-id=\"1d816c7\" data-element_type=\"widget\" data-e-type=\"widget\" data-settings=\"{&quot;columns&quot;:3,&quot;lazyload&quot;:&quot;yes&quot;,&quot;gallery_layout&quot;:&quot;grid&quot;,&quot;columns_tablet&quot;:2,&quot;columns_mobile&quot;:1,&quot;gap&quot;:{&quot;unit&quot;:&quot;px&quot;,&quot;size&quot;:10,&quot;sizes&quot;:[]},&quot;gap_tablet&quot;:{&quot;unit&quot;:&quot;px&quot;,&quot;size&quot;:10,&quot;sizes&quot;:[]},&quot;gap_mobile&quot;:{&quot;unit&quot;:&quot;px&quot;,&quot;size&quot;:10,&quot;sizes&quot;:[]},&quot;link_to&quot;:&quot;file&quot;,&quot;aspect_ratio&quot;:&quot;3:2&quot;,&quot;overlay_background&quot;:&quot;yes&quot;,&quot;content_hover_animation&quot;:&quot;fade-in&quot;}\" data-widget_type=\"gallery.default\">\n\t\t\t\t<div class=\"elementor-widget-container\">\n\t\t\t\t\t\t\t<div class=\"elementor-gallery__container\">\n\t\t\t\t\t\t\t<a class=\"e-gallery-item elementor-gallery-item elementor-animated-content\" href=\"https:\/\/sauleskomponentai.lt\/wp-content\/uploads\/2024\/06\/dji_fly_20240328_131416_130_1711624496411_photo_optimized-1-scaled.jpg\" data-elementor-open-lightbox=\"yes\" data-elementor-lightbox-slideshow=\"1d816c7\" data-elementor-lightbox-title=\"DCIM100MEDIADJI_0130.JPG\" data-e-action-hash=\"#elementor-action%3Aaction%3Dlightbox%26settings%3DeyJpZCI6MTU2NTgsInVybCI6Imh0dHBzOlwvXC9zYXVsZXNrb21wb25lbnRhaS5sdFwvd3AtY29udGVudFwvdXBsb2Fkc1wvMjAyNFwvMDZcL2RqaV9mbHlfMjAyNDAzMjhfMTMxNDE2XzEzMF8xNzExNjI0NDk2NDExX3Bob3RvX29wdGltaXplZC0xLXNjYWxlZC5qcGciLCJzbGlkZXNob3ciOiIxZDgxNmM3In0%3D\">\n\t\t\t\t\t<div class=\"e-gallery-image elementor-gallery-item__image\" data-thumbnail=\"https:\/\/sauleskomponentai.lt\/wp-content\/uploads\/2024\/06\/dji_fly_20240328_131416_130_1711624496411_photo_optimized-1-1300x731.jpg\" data-width=\"1300\" data-height=\"731\" aria-label=\"\" role=\"img\" ><\/div>\n\t\t\t\t\t\t\t\t\t\t\t<div class=\"elementor-gallery-item__overlay\"><\/div>\n\t\t\t\t\t\t\t\t\t\t\t\t\t\t<\/a>\n\t\t\t\t\t\t\t<a class=\"e-gallery-item elementor-gallery-item elementor-animated-content\" href=\"https:\/\/sauleskomponentai.lt\/wp-content\/uploads\/2024\/06\/dji_fly_20240328_131416_130_1711624496411_photo_optimized-scaled.jpg\" data-elementor-open-lightbox=\"yes\" data-elementor-lightbox-slideshow=\"1d816c7\" data-elementor-lightbox-title=\"DCIM100MEDIADJI_0137.JPG\" data-e-action-hash=\"#elementor-action%3Aaction%3Dlightbox%26settings%3DeyJpZCI6MTU2NTksInVybCI6Imh0dHBzOlwvXC9zYXVsZXNrb21wb25lbnRhaS5sdFwvd3AtY29udGVudFwvdXBsb2Fkc1wvMjAyNFwvMDZcL2RqaV9mbHlfMjAyNDAzMjhfMTMxNDE2XzEzMF8xNzExNjI0NDk2NDExX3Bob3RvX29wdGltaXplZC1zY2FsZWQuanBnIiwic2xpZGVzaG93IjoiMWQ4MTZjNyJ9\">\n\t\t\t\t\t<div class=\"e-gallery-image elementor-gallery-item__image\" data-thumbnail=\"https:\/\/sauleskomponentai.lt\/wp-content\/uploads\/2024\/06\/dji_fly_20240328_131416_130_1711624496411_photo_optimized-1300x731.jpg\" data-width=\"1300\" data-height=\"731\" aria-label=\"\" role=\"img\" ><\/div>\n\t\t\t\t\t\t\t\t\t\t\t<div class=\"elementor-gallery-item__overlay\"><\/div>\n\t\t\t\t\t\t\t\t\t\t\t\t\t\t<\/a>\n\t\t\t\t\t\t\t<a class=\"e-gallery-item elementor-gallery-item elementor-animated-content\" href=\"https:\/\/sauleskomponentai.lt\/wp-content\/uploads\/2024\/06\/dji_fly_20240328_131836_138_1711624726625_photo_optimized-scaled.jpg\" data-elementor-open-lightbox=\"yes\" data-elementor-lightbox-slideshow=\"1d816c7\" data-elementor-lightbox-title=\"DCIM100MEDIADJI_0138.JPG\" data-e-action-hash=\"#elementor-action%3Aaction%3Dlightbox%26settings%3DeyJpZCI6MTU2NjAsInVybCI6Imh0dHBzOlwvXC9zYXVsZXNrb21wb25lbnRhaS5sdFwvd3AtY29udGVudFwvdXBsb2Fkc1wvMjAyNFwvMDZcL2RqaV9mbHlfMjAyNDAzMjhfMTMxODM2XzEzOF8xNzExNjI0NzI2NjI1X3Bob3RvX29wdGltaXplZC1zY2FsZWQuanBnIiwic2xpZGVzaG93IjoiMWQ4MTZjNyJ9\">\n\t\t\t\t\t<div class=\"e-gallery-image elementor-gallery-item__image\" data-thumbnail=\"https:\/\/sauleskomponentai.lt\/wp-content\/uploads\/2024\/06\/dji_fly_20240328_131836_138_1711624726625_photo_optimized-1300x731.jpg\" data-width=\"1300\" data-height=\"731\" aria-label=\"\" role=\"img\" ><\/div>\n\t\t\t\t\t\t\t\t\t\t\t<div class=\"elementor-gallery-item__overlay\"><\/div>\n\t\t\t\t\t\t\t\t\t\t\t\t\t\t<\/a>\n\t\t\t\t\t\t\t<a class=\"e-gallery-item elementor-gallery-item elementor-animated-content\" href=\"https:\/\/sauleskomponentai.lt\/wp-content\/uploads\/2024\/06\/dji_fly_20240328_132144_143_1711624976637_photo_optimized-1-scaled.jpg\" data-elementor-open-lightbox=\"yes\" data-elementor-lightbox-slideshow=\"1d816c7\" data-elementor-lightbox-title=\"DCIM100MEDIADJI_0143.JPG\" data-e-action-hash=\"#elementor-action%3Aaction%3Dlightbox%26settings%3DeyJpZCI6MTU2NjEsInVybCI6Imh0dHBzOlwvXC9zYXVsZXNrb21wb25lbnRhaS5sdFwvd3AtY29udGVudFwvdXBsb2Fkc1wvMjAyNFwvMDZcL2RqaV9mbHlfMjAyNDAzMjhfMTMyMTQ0XzE0M18xNzExNjI0OTc2NjM3X3Bob3RvX29wdGltaXplZC0xLXNjYWxlZC5qcGciLCJzbGlkZXNob3ciOiIxZDgxNmM3In0%3D\">\n\t\t\t\t\t<div class=\"e-gallery-image elementor-gallery-item__image\" data-thumbnail=\"https:\/\/sauleskomponentai.lt\/wp-content\/uploads\/2024\/06\/dji_fly_20240328_132144_143_1711624976637_photo_optimized-1-1300x731.jpg\" data-width=\"1300\" data-height=\"731\" aria-label=\"\" role=\"img\" ><\/div>\n\t\t\t\t\t\t\t\t\t\t\t<div class=\"elementor-gallery-item__overlay\"><\/div>\n\t\t\t\t\t\t\t\t\t\t\t\t\t\t<\/a>\n\t\t\t\t\t\t\t<a class=\"e-gallery-item elementor-gallery-item elementor-animated-content\" href=\"https:\/\/sauleskomponentai.lt\/wp-content\/uploads\/2024\/06\/IMG_1971-scaled.jpeg\" data-elementor-open-lightbox=\"yes\" data-elementor-lightbox-slideshow=\"1d816c7\" data-elementor-lightbox-title=\"IMG_1971\" data-e-action-hash=\"#elementor-action%3Aaction%3Dlightbox%26settings%3DeyJpZCI6MTU2NjIsInVybCI6Imh0dHBzOlwvXC9zYXVsZXNrb21wb25lbnRhaS5sdFwvd3AtY29udGVudFwvdXBsb2Fkc1wvMjAyNFwvMDZcL0lNR18xOTcxLXNjYWxlZC5qcGVnIiwic2xpZGVzaG93IjoiMWQ4MTZjNyJ9\">\n\t\t\t\t\t<div class=\"e-gallery-image elementor-gallery-item__image\" data-thumbnail=\"https:\/\/sauleskomponentai.lt\/wp-content\/uploads\/2024\/06\/IMG_1971-1067x800.jpeg\" data-width=\"1067\" data-height=\"800\" aria-label=\"\" role=\"img\" ><\/div>\n\t\t\t\t\t\t\t\t\t\t\t<div class=\"elementor-gallery-item__overlay\"><\/div>\n\t\t\t\t\t\t\t\t\t\t\t\t\t\t<\/a>\n\t\t\t\t\t\t\t<a class=\"e-gallery-item elementor-gallery-item elementor-animated-content\" href=\"https:\/\/sauleskomponentai.lt\/wp-content\/uploads\/2024\/06\/IMG_1977-scaled.jpeg\" data-elementor-open-lightbox=\"yes\" data-elementor-lightbox-slideshow=\"1d816c7\" data-elementor-lightbox-title=\"IMG_1977\" data-e-action-hash=\"#elementor-action%3Aaction%3Dlightbox%26settings%3DeyJpZCI6MTU2NjMsInVybCI6Imh0dHBzOlwvXC9zYXVsZXNrb21wb25lbnRhaS5sdFwvd3AtY29udGVudFwvdXBsb2Fkc1wvMjAyNFwvMDZcL0lNR18xOTc3LXNjYWxlZC5qcGVnIiwic2xpZGVzaG93IjoiMWQ4MTZjNyJ9\">\n\t\t\t\t\t<div class=\"e-gallery-image elementor-gallery-item__image\" data-thumbnail=\"https:\/\/sauleskomponentai.lt\/wp-content\/uploads\/2024\/06\/IMG_1977-600x800.jpeg\" data-width=\"600\" data-height=\"800\" aria-label=\"\" role=\"img\" ><\/div>\n\t\t\t\t\t\t\t\t\t\t\t<div class=\"elementor-gallery-item__overlay\"><\/div>\n\t\t\t\t\t\t\t\t\t\t\t\t\t\t<\/a>\n\t\t\t\t\t<\/div>\n\t\t\t\t\t<\/div>\n\t\t\t\t<\/div>\n\t\t<div class=\"elementor-element elementor-element-3eef7d8 e-con-full e-flex e-con e-child\" data-id=\"3eef7d8\" data-element_type=\"container\" data-e-type=\"container\">\n\t\t\t\t<div class=\"elementor-element elementor-element-ee232e9 elementor-widget__width-auto elementor-hidden-phone elementor-widget elementor-widget-wd_social_buttons\" data-id=\"ee232e9\" data-element_type=\"widget\" data-e-type=\"widget\" data-widget_type=\"wd_social_buttons.default\">\n\t\t\t\t<div class=\"elementor-widget-container\">\n\t\t\t\t\t\n\t\t\t<div class=\" wd-social-icons icons-design-colored-alt icons-size-small color-scheme-dark social-share social-form-circle text-left\">\n\n\t\t\t\t\n\t\t\t\t\t\t\t\t\t<a rel=\"noopener noreferrer nofollow\" href=\"https:\/\/www.facebook.com\/sharer\/sharer.php?u=https:\/\/sauleskomponentai.lt\/index.php\/saules-elektriniu-stogines\/\" target=\"_blank\" class=\" wd-social-icon social-facebook\" aria-label=\"Facebook social link\">\n\t\t\t\t\t\t<span class=\"wd-icon\"><\/span>\n\t\t\t\t\t\t\t\t\t\t\t<\/a>\n\t\t\t\t\n\t\t\t\t\t\t\t\t\t<a rel=\"noopener noreferrer nofollow\" href=\"https:\/\/x.com\/share?url=https:\/\/sauleskomponentai.lt\/index.php\/saules-elektriniu-stogines\/\" target=\"_blank\" class=\" wd-social-icon social-twitter\" aria-label=\"X social link\">\n\t\t\t\t\t\t<span class=\"wd-icon\"><\/span>\n\t\t\t\t\t\t\t\t\t\t\t<\/a>\n\t\t\t\t\n\t\t\t\t\n\t\t\t\t\n\t\t\t\t\n\t\t\t\t\t\t\t\t\t<a rel=\"noopener noreferrer nofollow\" href=\"https:\/\/pinterest.com\/pin\/create\/button\/?url=https:\/\/sauleskomponentai.lt\/index.php\/saules-elektriniu-stogines\/&media=https:\/\/sauleskomponentai.lt\/wp-includes\/images\/media\/default.svg&description=Saul%C4%97s+elektrini%C5%B3+stogin%C4%97s\" target=\"_blank\" class=\" wd-social-icon social-pinterest\" aria-label=\"Pinterest social link\">\n\t\t\t\t\t\t<span class=\"wd-icon\"><\/span>\n\t\t\t\t\t\t\t\t\t\t\t<\/a>\n\t\t\t\t\n\t\t\t\t\n\t\t\t\t\t\t\t\t\t<a rel=\"noopener noreferrer nofollow\" href=\"https:\/\/www.linkedin.com\/shareArticle?mini=true&url=https:\/\/sauleskomponentai.lt\/index.php\/saules-elektriniu-stogines\/\" target=\"_blank\" class=\" wd-social-icon social-linkedin\" aria-label=\"Linkedin social link\">\n\t\t\t\t\t\t<span class=\"wd-icon\"><\/span>\n\t\t\t\t\t\t\t\t\t\t\t<\/a>\n\t\t\t\t\n\t\t\t\t\n\t\t\t\t\n\t\t\t\t\n\t\t\t\t\n\t\t\t\t\n\t\t\t\t\n\t\t\t\t\n\t\t\t\t\n\t\t\t\t\n\t\t\t\t\t\t\t\t\n\t\t\t\t\t\t\t\t\n\t\t\t\t\n\t\t\t\t\n\t\t\t\t\t\t\t\t\t<a rel=\"noopener noreferrer nofollow\" href=\"https:\/\/telegram.me\/share\/url?url=https:\/\/sauleskomponentai.lt\/index.php\/saules-elektriniu-stogines\/\" target=\"_blank\" class=\" wd-social-icon social-tg\" aria-label=\"Telegram social link\">\n\t\t\t\t\t\t<span class=\"wd-icon\"><\/span>\n\t\t\t\t\t\t\t\t\t\t\t<\/a>\n\t\t\t\t\t\t\t\t\n\t\t\t\t\n\t\t\t<\/div>\n\n\t\t\t\t\t\t<\/div>\n\t\t\t\t<\/div>\n\t\t\t\t<\/div>\n\t\t\t\t<\/div>\n\t\t\t\t\t<\/div>\n\t\t\t\t<\/div>\n\t\t\t\t<\/div>\n\t\t","protected":false},"excerpt":{"rendered":"<p>Saul\u0117s elektrini\u0173 stogin\u0117s Tai yra naujovi\u0161ka ir ekologi\u0161ka paslauga, leid\u017eianti nam\u0173 savininkams, verslams ir kitoms organizacijoms panaudoti savo turimas stogines<\/p>\n","protected":false},"author":1,"featured_media":0,"parent":0,"menu_order":0,"comment_status":"closed","ping_status":"closed","template":"","meta":{"footnotes":""},"class_list":["post-15656","page","type-page","status-publish","hentry"],"_links":{"self":[{"href":"https:\/\/sauleskomponentai.lt\/index.php\/wp-json\/wp\/v2\/pages\/15656","targetHints":{"allow":["GET"]}}],"collection":[{"href":"https:\/\/sauleskomponentai.lt\/index.php\/wp-json\/wp\/v2\/pages"}],"about":[{"href":"https:\/\/sauleskomponentai.lt\/index.php\/wp-json\/wp\/v2\/types\/page"}],"author":[{"embeddable":true,"href":"https:\/\/sauleskomponentai.lt\/index.php\/wp-json\/wp\/v2\/users\/1"}],"replies":[{"embeddable":true,"href":"https:\/\/sauleskomponentai.lt\/index.php\/wp-json\/wp\/v2\/comments?post=15656"}],"version-history":[{"count":10,"href":"https:\/\/sauleskomponentai.lt\/index.php\/wp-json\/wp\/v2\/pages\/15656\/revisions"}],"predecessor-version":[{"id":15672,"href":"https:\/\/sauleskomponentai.lt\/index.php\/wp-json\/wp\/v2\/pages\/15656\/revisions\/15672"}],"wp:attachment":[{"href":"https:\/\/sauleskomponentai.lt\/index.php\/wp-json\/wp\/v2\/media?parent=15656"}],"curies":[{"name":"wp","href":"https:\/\/api.w.org\/{rel}","templated":true}]}}